{"id":1159,"date":"2021-07-15T14:04:20","date_gmt":"2021-07-15T14:04:20","guid":{"rendered":"http:\/\/phwwhocc.co.uk\/ih\/?page_id=1159"},"modified":"2022-09-22T11:19:46","modified_gmt":"2022-09-22T11:19:46","slug":"iechyd-cyhoeddus-cymru-hysbysiad-preifatrwydd","status":"publish","type":"page","link":"https:\/\/icccgsib.co.uk\/ih\/iechyd-cyhoeddus-cymru-hysbysiad-preifatrwydd\/","title":{"rendered":"Iechyd Cyhoeddus Cymru \u2013 Hysbysiad Preifatrwydd"},"content":{"rendered":"\n<p><strong>Diben yr hysbysiad hwn yw eich hysbysu ynghylch pam a sut rydym yn prosesu eich data personol.<\/strong><\/p>\n\n\n\n<h2 class=\"wp-block-heading\"><strong>Cyflwyniad<\/strong><\/h2>\n\n\n\n<p>Ymddiriedolaeth GIG Iechyd Cyhoeddus Cymru yw asiantaeth iechyd cyhoeddus Cymru. Rydym yn bodoli gyda&#8217;r nod o ddiogelu a gwella iechyd a llesiant a lleihau anghydraddoldebau iechyd i bobl yng Nghymru. Cawsom ein sefydlu yn 2009 gan Ddeddf Seneddol sy&#8217;n golygu ei bod yn ofynnol i ni o dan y gyfraith i gyflawni rhai swyddogaethau. Enw&#8217;r rhain yw ein swyddogaethau statudol. I&#8217;n galluogi i gyflawni&#8217;r swyddogaethau hyn, mae angen i ni brosesu elfennau o&#8217;ch data personol, a diben yr hysbysiad hwn yw eich hysbysu ynghylch pa ddata rydym yn eu prosesu, sut rydym yn eu prosesu a pham. Gan ein bod yn prosesu eich data personol, rydym yn Rheolydd Data ac felly mae&#8217;n ofynnol i ni gydymffurfio \u00e2 chyfraith Diogelu Data berthnasol.<\/p>\n\n\n\n<h2 class=\"wp-block-heading\"><strong>Y data personol a broseswn<\/strong><\/h2>\n\n\n\n<p>Mae eich data personol yn golygu unrhyw wybodaeth sy&#8217;n ymwneud \u00e2 chi, ac y gellir eich adnabod drwyddi. Er mwyn cyflawni ein swyddogaethau, byddwn yn prosesu amrywiaeth eang o&#8217;ch data personol, gan gynnwys y canlynol (ond heb fod yn gyfyngedig iddynt):<\/p>\n\n\n\n<ul class=\"wp-block-list\"><li>Enw, cyfeiriad a manylion cyswllt (gan gynnwys e-bost a rhifau ff\u00f4n)<\/li><li>Dyddiad geni<\/li><li>Gwybodaeth am eich iechyd corfforol a meddyliol<\/li><li>Ffotograffau rydych wedi cydsynio iddynt gael eu cymryd<\/li><\/ul>\n\n\n\n<p>Nid ydym yn casglu nac yn prosesu&#8217;r holl ddata personol hyn i bawb drwy&#8217;r amser. Rydym dim ond yn casglu ac yn prosesu&#8217;r data personol sy&#8217;n angenrheidiol ar gyfer y dasg benodol rydym yn ei chynnal.<\/p>\n\n\n\n<h2 class=\"wp-block-heading\"><strong>Sut rydym yn casglu eich data personol<\/strong><\/h2>\n\n\n\n<p>Rydym yn casglu eich data personol o amrywiaeth o ffynonellau, gan gynnwys<\/p>\n\n\n\n<ul class=\"wp-block-list\"><li>Gwybodaeth a ddarperir yn uniongyrchol i ni gennych chi<\/li><li>Gwybodaeth a ddarperir gan sefydliadau eraill y GIG (e.e. Byrddau Iechyd)<\/li><li>Arolygon ac ymchwil<\/li><\/ul>\n\n\n\n<h2 class=\"wp-block-heading\"><strong>Sut rydym yn defnyddio eich data personol<\/strong><\/h2>\n\n\n\n<p>Rydym am i chi a&#8217;ch teulu fwynhau&#8217;r gofal iechyd gorau posibl yng Nghymru ac rydym yn prosesu&#8217;r data personol sydd eu hangen arnom i&#8217;n helpu i gyflawni hyn. Rydym dim ond yn prosesu&#8217;r lleiafswm o ddata personol sydd ei angen arnom i gyflawni&#8217;r dasg rydym yn ei chynnal.<\/p>\n\n\n\n<p>Ar y cyfan, rydym yn prosesu eich data personol at ddibenion sy&#8217;n uniongyrchol gysylltiedig \u00e2 sicrhau eich bod yn cael gofal iechyd o safon uchel drwy&#8217;r GIG. Fodd bynnag, rydym yn eu prosesu am resymau cyffredinol eraill, fel:<\/p>\n\n\n\n<ul class=\"wp-block-list\"><li>Darparu gwybodaeth i chi rydych wedi gofyn amdani<\/li><li>Ymdrin \u00e2&#8217;ch ymholiadau<\/li><li>Darparu mynediad i rai rhannau o&#8217;n gwefannau<\/li><li>Rhoi gwybod i chi am wasanaethau a allai fod yn berthnasol i chi<\/li><li>Os byddwch yn gwneud cais i weithio i ni<\/li><li>Archwilio&#8217;r defnydd o&#8217;n systemau a&#8217;n gwefannau<\/li><li>Ymdrin \u00e2 chwynion a phryderon<\/li><\/ul>\n\n\n\n<h2 class=\"wp-block-heading\"><strong>Y sail gyfreithiol ar gyfer prosesu eich data personol<\/strong><\/h2>\n\n\n\n<p>Yn y mwyafrif o achosion, rydym yn prosesu eich data personol i gyflawni ein swyddogaethau statudol yn uniongyrchol. Mae hyn yn golygu gan ein bod wedi cael ein sefydlu gan Ddeddf Seneddol ac mae&#8217;n ofynnol i ni yn \u00f4l y gyfraith i gyflawni&#8217;r swyddogaethau hyn, o dan gyfraith Diogelu Data ni chaniateir i ni brosesu eich data personol oherwydd bod y prosesu yn&nbsp;<em>angenrheidiol i gyflawni tasg a gynhelir er budd y cyhoedd neu wrth arfer awdurdod swyddogol wedi&#8217;i freinio yn y rheolydd.\u2019<\/em><\/p>\n\n\n\n<p>Rhaid i ni allu prosesu eich data personol er mwyn darparu&#8217;r gwasanaeth sydd ei angen arnoch. Nid ydym yn gofyn am eich cydsyniad i brosesu eich gwybodaeth i&#8217;n galluogi i gyflawni ein swyddogaethau statudol oherwydd pe byddech yn gwrthod ni fyddem yn gallu darparu gwasanaeth gofal iechyd priodol i chi.<\/p>\n\n\n\n<p>Mewn rhai achosion byddwn am brosesu eich data personol am resymau y tu hwnt i&#8217;n swyddogaethau statudol. Pan fyddwn am wneud hyn, byddwn yn gofyn am eich cydsyniad i brosesu&#8217;r data personol sydd eu hangen arnom (e.e. os ydym am gymryd a defnyddio eich ffotograff yn ein deunyddiau marchnata, neu os ydych am danysgrifio i gylchlythyr). Yn yr achosion hyn pan fyddwch yn rhoi eich cydsyniad dywedir wrthych sut y caiff eich data personol eu prosesu. Byddwch hefyd yn cael gwybod sut y gallwch dynnu&#8217;r cydsyniad hwnnw yn \u00f4l ac optio allan o brosesu pellach.<\/p>\n\n\n\n<h2 class=\"wp-block-heading\"><strong>Eich hawliau o dan Reoliadau Diogelu Data<\/strong><\/h2>\n\n\n\n<p>O dan y Ddeddf Diogelu Data, mae hawl gennych i gael gwybod os ydym yn cadw data personol sy&#8217;n ymwneud \u00e2 chi, ac os felly pa ddata personol rydym yn eu cadw a pham. Mae gennych yr hawl hefyd (gyda rhai eithriadau) i gael copi o unrhyw ddata personol rydym yn eu cadw er mwyn i chi allu bod yn si\u0175r eu bod yn gywir ac wedi&#8217;u diweddaru. Gallwch gael rhagor o wybodaeth ynghylch pa ddata personol rydym yn eu cadw amdanoch drwy gysylltu \u00e2&#8217;r Swyddog Diogelu Data (manylion i&#8217;w gweld ar ddiwedd yr hysbysiad hwn).<\/p>\n\n\n\n<h2 class=\"wp-block-heading\"><strong>Rhannu eich data personol ag eraill<\/strong><\/h2>\n\n\n\n<p>Weithiau rydym yn rhannu eich data personol \u00e2 sefydliadau eraill. Rydym dim ond yn gwneud hyn pan fydd sail gyfreithiol glir ar gyfer gwneud hynny. Weithiau rydym yn rhannu eich data personol oherwydd ei bod er eich lles pennaf i ni wneud hynny, ac ar adegau eraill byddwn yn rhannu eich data personol oherwydd bod rhwymedigaeth gyfreithiol arnom i wneud hynny. Nid ydym yn rhannu eich data personol at ddibenion marchnata na masnachol.<\/p>\n\n\n\n<p>Pan fyddwn yn penderfynu ei bod yn angenrheidiol rhannu data personol, byddwn yn ymrwymo i \u2018Gytundeb Rhannu Data\u2019 (DSA) \u00e2&#8217;r bobl rydym yn mynd i&#8217;w rhannu \u00e2 hwy. Mae DSA yn cael eu llunio yn unol \u00e2 Chytundeb Rhannu Gwybodaeth Bersonol Cymru (WASPI). Ceir rhagor o fanylion am DSA ar wefan WASPI,<\/p>\n\n\n\n<p><a href=\"http:\/\/www.waspi.org\/hafan\">http:\/\/www.waspi.org\/hafan<\/a><\/p>\n\n\n\n<p>O bryd i&#8217;w gilydd, byddwn hefyd yn rhannu eich data personol \u00e2 chontractwyr trydydd parti, rydym yn eu defnyddio i ymgymryd \u00e2 rhai gweithgareddau prosesu ar ein rhan. Rydym yn gwneud hyn oherwydd ei bod yn aml yn fwy effeithlon a chost effeithiol defnyddio contractwr ac rydym wedi dyfarnu bod hynny yn sicrhau&#8217;r gwerth gorau. Pan fyddwn yn defnyddio contractwr bydd yn Brosesydd Data, ac yna bydd wed ei&nbsp; rwymo gan y gyfraith yn yr un ffordd \u00e2 ni ac felly bydd yn destun rheolau llym ar brosesu. Gall brosesu eich data personol dim ond yn y ffordd benodol a ddywedwn wrtho yn benodol ac ni ddylai rannu eich data personol ag unrhyw un arall heb ein caniat\u00e2d penodol. Cyn defnyddio contractwr rydym yn sicrhau bod ganddo fesurau priodol yn eu lle i ddiogelu eich data personol<\/p>\n\n\n\n<h2 class=\"wp-block-heading\"><strong>Diogelwch eich data personol<\/strong><\/h2>\n\n\n\n<p>Mae Iechyd Cyhoeddus Cymru yn cydnabod bod eich data personol yn werthfawr iawn, ac felly rydym yn cymryd eu diogelwch o ddifrif.<\/p>\n\n\n\n<p>Rydym yn defnyddio mesurau technegol cadarn i ddiogelu eich data personol ac mae mynediad iddynt wedi&#8217;i gyfyngu i bobl y mae ganddynt angen i&#8217;w prosesu yn unol \u00e2&#8217;u gwaith.<\/p>\n\n\n\n<p>Mae holl staff Iechyd Cyhoeddus Cymru yn rhwym gan gontractau sy&#8217;n cynnwys cyfrifoldebau clir mewn perthynas \u00e2 chyfrinachedd. Mae gan ein holl staff anfeddygol yr un ddyletswydd cyfrinachedd&nbsp; \u00e2 gweithwyr proffesiynol gofal iechyd fel meddygon a nyrsys.<\/p>\n\n\n\n<p>Rhaid i&#8217;n holl staff fynd i sesiynau hyfforddiant ar yr hyn a elwir gennym yn Llywodraethu Gwybodaeth. Ymhlith pethau eraill, mae&#8217;r hyfforddiant hwn yn gwneud iddynt ddeall pwysigrwydd cyfrinachedd a diogelwch eich data personol ac yn gwneud yn glir eu bod yn bersonol gyfrifol am ddiogelwch unrhyw wybodaeth y maent yn ei phrosesu. Rhaid iddynt fynd i&#8217;r hyfforddiant hwn o leiaf unwaith bob dwy flynedd a rhaid iddynt basio prawf i ddangos eu bod wedi ei ddeall. Mae&#8217;r disgwyliadau sydd gennym o ran ein staff wedi&#8217;u nodi yn y Polisi Llywodraethu Gwybodaeth. Mae methu cydymffurfio \u00e2\u2019r polisi hwn yn drosedd.<\/p>\n\n\n\n<p>Rydym yn archwilio mynediad i ddata personol yn rheolaidd er mwyn sicrhau eu bod yn cael eu prosesu&#8217;n briodol.<\/p>\n\n\n\n<h2 class=\"wp-block-heading\"><strong>Gwasanaeth Gwybodeg GIG Cymru<\/strong><\/h2>\n\n\n\n<p>Mae Gwasanaeth Gwybodeg GIG Cymru (NWIS) yn darparu rhai o&#8217;r gwasanaethau TG yn GIG Cymru gan gynnwys ein gwefan.&nbsp; Defnyddir cyfeiriadau IP gan eich cyfrifiadur bob tro rydych wedi cysylltu \u00e2&#8217;r Rhyngrwyd. Mae eich cyfeiriad IP yn rhif a ddefnyddir gan gyfrifiaduron ar y rhwydwaith i adnabod eich cyfrifiadur. Mae cyfeiriadau IP yn cael eu casglu&#8217;n awtomatig gan NWIS er mwyn i ddata (fel y tudalennau gwe y gofynnwch amdanynt) allu cael eu hanfon atoch.&nbsp; Bydd NWIS yn casglu gwybodaeth ystadegol ddienw arall am y defnydd o&#8217;r wefan er mwyn i&#8217;r gwasanaeth allu cael ei gynnal a&#8217;i wella.<\/p>\n\n\n\n<h2 class=\"wp-block-heading\"><strong>Beth yw Cwcis?&nbsp;<\/strong><\/h2>\n\n\n\n<p>Ffeiliau bach yw cwcis sy&#8217;n cael eu rhoi ar ddisg galed eich cyfrifiadur gan wefannau pan fyddwch yn ymweld \u00e2 hwy. Mae cwcis yn trosglwyddo gwybodaeth yn \u00f4l i wefannau bob tro y byddwch yn ymweld \u00e2 hwy. Maent yn cael eu defnyddio i nodi porwyr gwe yn unigryw, olrhain tueddiadau defnyddwyr a storio gwybodaeth am ddewisiadau defnyddiwr. Gallwch gyfyngu\/analluogi cwcis ar eich porwr; Nodwch efallai na fydd rhai nodweddion gwefannau yn gweithio&#8217;n iawn heb gwcis.<\/p>\n\n\n\n<p><strong>Sut i Analluogi Cwcis<\/strong>&nbsp;<\/p>\n\n\n\n<p>I newid eich gosodiadau cwcis:<\/p>\n\n\n\n<p><strong>Internet Explorer<\/strong>: Dilynwch y ddolen hon&nbsp;<a href=\"http:\/\/windows.microsoft.com\/en-gb\/internet-explorer\/delete-manage-cookies#ie=ie-9\" target=\"_blank\" rel=\"noreferrer noopener\">http:\/\/windows.microsoft.com\/en-gb\/internet-explorer\/delete-manage-cookies<\/a>&nbsp;(gwefan allanol) i gael cyfarwyddiadau ar sut i analluogi cwcis.<\/p>\n\n\n\n<p><strong>Firefox<\/strong>: Dilynwch y ddolen hon&nbsp;<a href=\"https:\/\/support.mozilla.org\/en-US\/kb\/enable-and-disable-cookies-website-preferences\" target=\"_blank\" rel=\"noreferrer noopener\">http:\/\/support.mozilla.org\/en-US\/kb\/enable-and-disable-cookies-website-preferences<\/a>&nbsp;(gwefan allanol) i gael cyfarwyddiadau ar sut i analluogi cwcis<\/p>\n\n\n\n<p><strong>Chrome: Dilynwch y ddolen hon<\/strong>&nbsp;<a href=\"https:\/\/support.google.com\/chrome\/answer\/95647?hl=en&amp;ref_topic=14666\" target=\"_blank\" rel=\"noreferrer noopener\">https:\/\/support.google.com\/chrome\/answer\/95647?hl=en&amp;ref_topic=14666<\/a>&nbsp;(gwefan allanol) i gael cyfarwyddiadau ar sut i analluogi cwcis.<\/p>\n\n\n\n<p>Os oes gennych unrhyw ymholiadau am yr hysbysiad hwn, neu brosesu eich data personol dylech gysylltu \u00e2 mi fel y nodir yn y manylion isod.<\/p>\n\n\n\n<p>Sylwer efallai na fydd post i&#8217;r naill neu&#8217;r llall o&#8217;r cyfeiriadau hyn yn cael ei agor gennyf fi ac felly nid ydynt yn briodol ar gyfer cyfathrebu cyfrinachol. Os oes gennych rywbeth y mae angen i chi ei drafod yn bersonol \u00e2 mi yn gyfrinachol, cysylltwch \u00e2 mi dros y ff\u00f4n yn y lle cyntaf.<\/p>\n\n\n\n<div style=\"height:15px\" aria-hidden=\"true\" class=\"wp-block-spacer\"><\/div>\n\n\n\n<p>Y Swyddog Diogelu Data<\/p>\n\n\n\n<p>Ymddiriedolaeth GIG Iechyd Cyhoeddus Cymru,<\/p>\n\n\n\n<p>Cwr y Ddinas 2,<\/p>\n\n\n\n<p>Stryd Tyndall,<\/p>\n\n\n\n<p>Caerdydd<\/p>\n\n\n\n<p>CF10 4BZ<\/p>\n\n\n\n<div style=\"height:15px\" aria-hidden=\"true\" class=\"wp-block-spacer\"><\/div>\n\n\n\n<p>Ff\u00f4n: 02920 104307<\/p>\n\n\n\n<div style=\"height:15px\" aria-hidden=\"true\" class=\"wp-block-spacer\"><\/div>\n\n\n\n<p>Fel arall, gallwch anfon neges e-bost ataf yn&nbsp;<a href=\"mailto:PHW.InformationGovernance@wales.nhs.uk\">PHW.InformationGovernance@wales.nhs.uk<\/a><\/p>\n","protected":false},"excerpt":{"rendered":"<p>Diben yr hysbysiad hwn yw eich hysbysu ynghylch pam a sut rydym yn prosesu eich data personol. Cyflwyniad Ymddiriedolaeth GIG Iechyd Cyhoeddus Cymru yw asiantaeth iechyd cyhoeddus Cymru. Rydym yn bodoli gyda&#8217;r nod o ddiogelu a gwella iechyd a llesiant a lleihau anghydraddoldebau iechyd i bobl yng Nghymru. Cawsom ein sefydlu yn 2009 gan Ddeddf [&hellip;]<\/p>\n","protected":false},"author":123,"featured_media":0,"parent":0,"menu_order":0,"comment_status":"closed","ping_status":"closed","template":"","meta":{"_coblocks_attr":"","_coblocks_dimensions":"","_coblocks_responsive_height":"","_coblocks_accordion_ie_support":"","footnotes":""},"class_list":["post-1159","page","type-page","status-publish","hentry"],"acf":[],"yoast_head":"<!-- This site is optimized with the Yoast SEO plugin v19.2 - https:\/\/yoast.com\/wordpress\/plugins\/seo\/ -->\n<title>Iechyd Cyhoeddus Cymru \u2013 Hysbysiad Preifatrwydd - Iechyd Rhyngwladol<\/title>\n<meta name=\"robots\" content=\"index, follow, max-snippet:-1, max-image-preview:large, max-video-preview:-1\" \/>\n<link rel=\"canonical\" href=\"https:\/\/phwwhocc.co.uk\/ih\/iechyd-cyhoeddus-cymru-hysbysiad-preifatrwydd\/?lang=cy\" \/>\n<meta property=\"og:locale\" content=\"cy_GB\" \/>\n<meta property=\"og:type\" content=\"article\" \/>\n<meta property=\"og:title\" content=\"Iechyd Cyhoeddus Cymru \u2013 Hysbysiad Preifatrwydd - Iechyd Rhyngwladol\" \/>\n<meta property=\"og:description\" content=\"Diben yr hysbysiad hwn yw eich hysbysu ynghylch pam a sut rydym yn prosesu eich data personol. Cyflwyniad Ymddiriedolaeth GIG Iechyd Cyhoeddus Cymru yw asiantaeth iechyd cyhoeddus Cymru. Rydym yn bodoli gyda&#8217;r nod o ddiogelu a gwella iechyd a llesiant a lleihau anghydraddoldebau iechyd i bobl yng Nghymru. Cawsom ein sefydlu yn 2009 gan Ddeddf [&hellip;]\" \/>\n<meta property=\"og:url\" content=\"https:\/\/phwwhocc.co.uk\/ih\/iechyd-cyhoeddus-cymru-hysbysiad-preifatrwydd\/?lang=cy\" \/>\n<meta property=\"og:site_name\" content=\"Iechyd Rhyngwladol\" \/>\n<meta property=\"article:modified_time\" content=\"2022-09-22T11:19:46+00:00\" \/>\n<meta name=\"author\" content=\"cowshed\" \/>\n<meta name=\"twitter:card\" content=\"summary_large_image\" \/>\n<meta name=\"twitter:label1\" content=\"Est. reading time\" \/>\n\t<meta name=\"twitter:data1\" content=\"8 minutes\" \/>\n<script type=\"application\/ld+json\" class=\"yoast-schema-graph\">{\"@context\":\"https:\/\/schema.org\",\"@graph\":[{\"@type\":\"WebSite\",\"@id\":\"https:\/\/phwwhocc.co.uk\/ih\/#website\",\"url\":\"https:\/\/phwwhocc.co.uk\/ih\/\",\"name\":\"Iechyd Rhyngwladol\",\"description\":\"\",\"potentialAction\":[{\"@type\":\"SearchAction\",\"target\":{\"@type\":\"EntryPoint\",\"urlTemplate\":\"https:\/\/phwwhocc.co.uk\/ih\/?s={search_term_string}\"},\"query-input\":\"required name=search_term_string\"}],\"inLanguage\":\"cy-GB\"},{\"@type\":\"WebPage\",\"@id\":\"https:\/\/phwwhocc.co.uk\/ih\/iechyd-cyhoeddus-cymru-hysbysiad-preifatrwydd\/?lang=cy#webpage\",\"url\":\"https:\/\/phwwhocc.co.uk\/ih\/iechyd-cyhoeddus-cymru-hysbysiad-preifatrwydd\/?lang=cy\",\"name\":\"Iechyd Cyhoeddus Cymru \u2013 Hysbysiad Preifatrwydd - Iechyd Rhyngwladol\",\"isPartOf\":{\"@id\":\"https:\/\/phwwhocc.co.uk\/ih\/#website\"},\"datePublished\":\"2021-07-15T14:04:20+00:00\",\"dateModified\":\"2022-09-22T11:19:46+00:00\",\"breadcrumb\":{\"@id\":\"https:\/\/phwwhocc.co.uk\/ih\/iechyd-cyhoeddus-cymru-hysbysiad-preifatrwydd\/?lang=cy#breadcrumb\"},\"inLanguage\":\"cy-GB\",\"potentialAction\":[{\"@type\":\"ReadAction\",\"target\":[\"https:\/\/phwwhocc.co.uk\/ih\/iechyd-cyhoeddus-cymru-hysbysiad-preifatrwydd\/?lang=cy\"]}]},{\"@type\":\"BreadcrumbList\",\"@id\":\"https:\/\/phwwhocc.co.uk\/ih\/iechyd-cyhoeddus-cymru-hysbysiad-preifatrwydd\/?lang=cy#breadcrumb\",\"itemListElement\":[{\"@type\":\"ListItem\",\"position\":1,\"name\":\"Home\",\"item\":\"https:\/\/icccgsib.co.uk\/ih\/\"},{\"@type\":\"ListItem\",\"position\":2,\"name\":\"Iechyd Cyhoeddus Cymru \u2013 Hysbysiad Preifatrwydd\"}]}]}<\/script>\n<!-- \/ Yoast SEO plugin. -->","yoast_head_json":{"title":"Iechyd Cyhoeddus Cymru \u2013 Hysbysiad Preifatrwydd - Iechyd Rhyngwladol","robots":{"index":"index","follow":"follow","max-snippet":"max-snippet:-1","max-image-preview":"max-image-preview:large","max-video-preview":"max-video-preview:-1"},"canonical":"https:\/\/phwwhocc.co.uk\/ih\/iechyd-cyhoeddus-cymru-hysbysiad-preifatrwydd\/?lang=cy","og_locale":"cy_GB","og_type":"article","og_title":"Iechyd Cyhoeddus Cymru \u2013 Hysbysiad Preifatrwydd - Iechyd Rhyngwladol","og_description":"Diben yr hysbysiad hwn yw eich hysbysu ynghylch pam a sut rydym yn prosesu eich data personol. Cyflwyniad Ymddiriedolaeth GIG Iechyd Cyhoeddus Cymru yw asiantaeth iechyd cyhoeddus Cymru. Rydym yn bodoli gyda&#8217;r nod o ddiogelu a gwella iechyd a llesiant a lleihau anghydraddoldebau iechyd i bobl yng Nghymru. Cawsom ein sefydlu yn 2009 gan Ddeddf [&hellip;]","og_url":"https:\/\/phwwhocc.co.uk\/ih\/iechyd-cyhoeddus-cymru-hysbysiad-preifatrwydd\/?lang=cy","og_site_name":"Iechyd Rhyngwladol","article_modified_time":"2022-09-22T11:19:46+00:00","author":"cowshed","twitter_card":"summary_large_image","twitter_misc":{"Est. reading time":"8 minutes"},"schema":{"@context":"https:\/\/schema.org","@graph":[{"@type":"WebSite","@id":"https:\/\/phwwhocc.co.uk\/ih\/#website","url":"https:\/\/phwwhocc.co.uk\/ih\/","name":"Iechyd Rhyngwladol","description":"","potentialAction":[{"@type":"SearchAction","target":{"@type":"EntryPoint","urlTemplate":"https:\/\/phwwhocc.co.uk\/ih\/?s={search_term_string}"},"query-input":"required name=search_term_string"}],"inLanguage":"cy-GB"},{"@type":"WebPage","@id":"https:\/\/phwwhocc.co.uk\/ih\/iechyd-cyhoeddus-cymru-hysbysiad-preifatrwydd\/?lang=cy#webpage","url":"https:\/\/phwwhocc.co.uk\/ih\/iechyd-cyhoeddus-cymru-hysbysiad-preifatrwydd\/?lang=cy","name":"Iechyd Cyhoeddus Cymru \u2013 Hysbysiad Preifatrwydd - Iechyd Rhyngwladol","isPartOf":{"@id":"https:\/\/phwwhocc.co.uk\/ih\/#website"},"datePublished":"2021-07-15T14:04:20+00:00","dateModified":"2022-09-22T11:19:46+00:00","breadcrumb":{"@id":"https:\/\/phwwhocc.co.uk\/ih\/iechyd-cyhoeddus-cymru-hysbysiad-preifatrwydd\/?lang=cy#breadcrumb"},"inLanguage":"cy-GB","potentialAction":[{"@type":"ReadAction","target":["https:\/\/phwwhocc.co.uk\/ih\/iechyd-cyhoeddus-cymru-hysbysiad-preifatrwydd\/?lang=cy"]}]},{"@type":"BreadcrumbList","@id":"https:\/\/phwwhocc.co.uk\/ih\/iechyd-cyhoeddus-cymru-hysbysiad-preifatrwydd\/?lang=cy#breadcrumb","itemListElement":[{"@type":"ListItem","position":1,"name":"Home","item":"https:\/\/icccgsib.co.uk\/ih\/"},{"@type":"ListItem","position":2,"name":"Iechyd Cyhoeddus Cymru \u2013 Hysbysiad Preifatrwydd"}]}]}},"_links":{"self":[{"href":"https:\/\/icccgsib.co.uk\/ih\/wp-json\/wp\/v2\/pages\/1159","targetHints":{"allow":["GET"]}}],"collection":[{"href":"https:\/\/icccgsib.co.uk\/ih\/wp-json\/wp\/v2\/pages"}],"about":[{"href":"https:\/\/icccgsib.co.uk\/ih\/wp-json\/wp\/v2\/types\/page"}],"author":[{"embeddable":true,"href":"https:\/\/icccgsib.co.uk\/ih\/wp-json\/wp\/v2\/users\/123"}],"replies":[{"embeddable":true,"href":"https:\/\/icccgsib.co.uk\/ih\/wp-json\/wp\/v2\/comments?post=1159"}],"version-history":[{"count":2,"href":"https:\/\/icccgsib.co.uk\/ih\/wp-json\/wp\/v2\/pages\/1159\/revisions"}],"predecessor-version":[{"id":1651,"href":"https:\/\/icccgsib.co.uk\/ih\/wp-json\/wp\/v2\/pages\/1159\/revisions\/1651"}],"wp:attachment":[{"href":"https:\/\/icccgsib.co.uk\/ih\/wp-json\/wp\/v2\/media?parent=1159"}],"curies":[{"name":"wp","href":"https:\/\/api.w.org\/{rel}","templated":true}]}}