{"id":552,"date":"2021-03-10T17:00:11","date_gmt":"2021-03-10T17:00:11","guid":{"rendered":"http:\/\/phwwhocc.co.uk\/ih\/partners\/"},"modified":"2025-03-11T15:15:32","modified_gmt":"2025-03-11T15:15:32","slug":"partneriaid","status":"publish","type":"page","link":"https:\/\/icccgsib.co.uk\/ih\/partneriaid\/","title":{"rendered":"Partneriaid"},"content":{"rendered":"\n<p>Er mwyn rhannu profiad a sgiliau Cymru yn rhyngwladol, ac i ddod \u00e2 dysgu yn \u00f4l i Gymru, mae&#8217;r T\u00eem Rhyngwladol yn cysylltu ag amrywiaeth o sefydliadau yng Nghymru, y DU ac yn rhyngwladol.<\/p>\n","protected":false},"excerpt":{"rendered":"<p>Er mwyn rhannu profiad a sgiliau Cymru yn rhyngwladol, ac i ddod \u00e2 dysgu yn \u00f4l i Gymru, mae&#8217;r T\u00eem Rhyngwladol yn cysylltu ag amrywiaeth o sefydliadau yng Nghymru, y DU ac yn rhyngwladol.<\/p>\n","protected":false},"author":123,"featured_media":453,"parent":0,"menu_order":0,"comment_status":"closed","ping_status":"closed","template":"page-template-ih-partners.php","meta":{"_coblocks_attr":"","_coblocks_dimensions":"","_coblocks_responsive_height":"","_coblocks_accordion_ie_support":"","footnotes":""},"class_list":["post-552","page","type-page","status-publish","has-post-thumbnail","hentry"],"acf":[],"yoast_head":"<!-- This site is optimized with the Yoast SEO plugin v19.2 - https:\/\/yoast.com\/wordpress\/plugins\/seo\/ -->\n<title>Partneriaid - Iechyd Rhyngwladol<\/title>\n<meta name=\"robots\" content=\"index, follow, max-snippet:-1, max-image-preview:large, max-video-preview:-1\" \/>\n<link rel=\"canonical\" href=\"https:\/\/icccgsib.co.uk\/ih\/partneriaid\/\" \/>\n<meta property=\"og:locale\" content=\"cy_GB\" \/>\n<meta property=\"og:type\" content=\"article\" \/>\n<meta property=\"og:title\" content=\"Partneriaid - Iechyd Rhyngwladol\" \/>\n<meta property=\"og:description\" content=\"Er mwyn rhannu profiad a sgiliau Cymru yn rhyngwladol, ac i ddod \u00e2 dysgu yn \u00f4l i Gymru, mae&#8217;r T\u00eem Rhyngwladol yn cysylltu ag amrywiaeth o sefydliadau yng Nghymru, y DU ac yn rhyngwladol.\" \/>\n<meta property=\"og:url\" content=\"https:\/\/icccgsib.co.uk\/ih\/partneriaid\/\" \/>\n<meta property=\"og:site_name\" content=\"Iechyd Rhyngwladol\" \/>\n<meta property=\"article:modified_time\" content=\"2025-03-11T15:15:32+00:00\" \/>\n<meta property=\"og:image\" content=\"http:\/\/phwwhocc.co.uk\/ih\/wp-content\/uploads\/sites\/4\/2021\/06\/hero-ihcc.jpg\" \/>\n\t<meta property=\"og:image:width\" content=\"1600\" \/>\n\t<meta property=\"og:image:height\" content=\"430\" \/>\n\t<meta property=\"og:image:type\" content=\"image\/jpeg\" \/>\n<meta name=\"author\" content=\"cowshed\" \/>\n<meta name=\"twitter:card\" content=\"summary_large_image\" \/>\n<meta name=\"twitter:label1\" content=\"Est. reading time\" \/>\n\t<meta name=\"twitter:data1\" content=\"1 minute\" \/>\n<script type=\"application\/ld+json\" class=\"yoast-schema-graph\">{\"@context\":\"https:\/\/schema.org\",\"@graph\":[{\"@type\":\"WebSite\",\"@id\":\"https:\/\/phwwhocc.co.uk\/ih\/#website\",\"url\":\"https:\/\/phwwhocc.co.uk\/ih\/\",\"name\":\"Iechyd Rhyngwladol\",\"description\":\"\",\"potentialAction\":[{\"@type\":\"SearchAction\",\"target\":{\"@type\":\"EntryPoint\",\"urlTemplate\":\"https:\/\/phwwhocc.co.uk\/ih\/?s={search_term_string}\"},\"query-input\":\"required name=search_term_string\"}],\"inLanguage\":\"cy-GB\"},{\"@type\":\"ImageObject\",\"inLanguage\":\"cy-GB\",\"@id\":\"https:\/\/icccgsib.co.uk\/ih\/partneriaid\/#primaryimage\",\"url\":\"https:\/\/icccgsib.co.uk\/ih\/wp-content\/uploads\/sites\/4\/2021\/06\/hero-ihcc.jpg\",\"contentUrl\":\"https:\/\/icccgsib.co.uk\/ih\/wp-content\/uploads\/sites\/4\/2021\/06\/hero-ihcc.jpg\",\"width\":1600,\"height\":430},{\"@type\":\"WebPage\",\"@id\":\"https:\/\/icccgsib.co.uk\/ih\/partneriaid\/#webpage\",\"url\":\"https:\/\/icccgsib.co.uk\/ih\/partneriaid\/\",\"name\":\"Partneriaid - Iechyd Rhyngwladol\",\"isPartOf\":{\"@id\":\"https:\/\/phwwhocc.co.uk\/ih\/#website\"},\"primaryImageOfPage\":{\"@id\":\"https:\/\/icccgsib.co.uk\/ih\/partneriaid\/#primaryimage\"},\"datePublished\":\"2021-03-10T17:00:11+00:00\",\"dateModified\":\"2025-03-11T15:15:32+00:00\",\"breadcrumb\":{\"@id\":\"https:\/\/icccgsib.co.uk\/ih\/partneriaid\/#breadcrumb\"},\"inLanguage\":\"cy-GB\",\"potentialAction\":[{\"@type\":\"ReadAction\",\"target\":[\"https:\/\/icccgsib.co.uk\/ih\/partneriaid\/\"]}]},{\"@type\":\"BreadcrumbList\",\"@id\":\"https:\/\/icccgsib.co.uk\/ih\/partneriaid\/#breadcrumb\",\"itemListElement\":[{\"@type\":\"ListItem\",\"position\":1,\"name\":\"Home\",\"item\":\"https:\/\/icccgsib.co.uk\/ih\/\"},{\"@type\":\"ListItem\",\"position\":2,\"name\":\"Partneriaid\"}]}]}<\/script>\n<!-- \/ Yoast SEO plugin. -->","yoast_head_json":{"title":"Partneriaid - Iechyd Rhyngwladol","robots":{"index":"index","follow":"follow","max-snippet":"max-snippet:-1","max-image-preview":"max-image-preview:large","max-video-preview":"max-video-preview:-1"},"canonical":"https:\/\/icccgsib.co.uk\/ih\/partneriaid\/","og_locale":"cy_GB","og_type":"article","og_title":"Partneriaid - Iechyd Rhyngwladol","og_description":"Er mwyn rhannu profiad a sgiliau Cymru yn rhyngwladol, ac i ddod \u00e2 dysgu yn \u00f4l i Gymru, mae&#8217;r T\u00eem Rhyngwladol yn cysylltu ag amrywiaeth o sefydliadau yng Nghymru, y DU ac yn rhyngwladol.","og_url":"https:\/\/icccgsib.co.uk\/ih\/partneriaid\/","og_site_name":"Iechyd Rhyngwladol","article_modified_time":"2025-03-11T15:15:32+00:00","og_image":[{"width":1600,"height":430,"url":"http:\/\/phwwhocc.co.uk\/ih\/wp-content\/uploads\/sites\/4\/2021\/06\/hero-ihcc.jpg","type":"image\/jpeg"}],"author":"cowshed","twitter_card":"summary_large_image","twitter_misc":{"Est. reading time":"1 minute"},"schema":{"@context":"https:\/\/schema.org","@graph":[{"@type":"WebSite","@id":"https:\/\/phwwhocc.co.uk\/ih\/#website","url":"https:\/\/phwwhocc.co.uk\/ih\/","name":"Iechyd Rhyngwladol","description":"","potentialAction":[{"@type":"SearchAction","target":{"@type":"EntryPoint","urlTemplate":"https:\/\/phwwhocc.co.uk\/ih\/?s={search_term_string}"},"query-input":"required name=search_term_string"}],"inLanguage":"cy-GB"},{"@type":"ImageObject","inLanguage":"cy-GB","@id":"https:\/\/icccgsib.co.uk\/ih\/partneriaid\/#primaryimage","url":"https:\/\/icccgsib.co.uk\/ih\/wp-content\/uploads\/sites\/4\/2021\/06\/hero-ihcc.jpg","contentUrl":"https:\/\/icccgsib.co.uk\/ih\/wp-content\/uploads\/sites\/4\/2021\/06\/hero-ihcc.jpg","width":1600,"height":430},{"@type":"WebPage","@id":"https:\/\/icccgsib.co.uk\/ih\/partneriaid\/#webpage","url":"https:\/\/icccgsib.co.uk\/ih\/partneriaid\/","name":"Partneriaid - Iechyd Rhyngwladol","isPartOf":{"@id":"https:\/\/phwwhocc.co.uk\/ih\/#website"},"primaryImageOfPage":{"@id":"https:\/\/icccgsib.co.uk\/ih\/partneriaid\/#primaryimage"},"datePublished":"2021-03-10T17:00:11+00:00","dateModified":"2025-03-11T15:15:32+00:00","breadcrumb":{"@id":"https:\/\/icccgsib.co.uk\/ih\/partneriaid\/#breadcrumb"},"inLanguage":"cy-GB","potentialAction":[{"@type":"ReadAction","target":["https:\/\/icccgsib.co.uk\/ih\/partneriaid\/"]}]},{"@type":"BreadcrumbList","@id":"https:\/\/icccgsib.co.uk\/ih\/partneriaid\/#breadcrumb","itemListElement":[{"@type":"ListItem","position":1,"name":"Home","item":"https:\/\/icccgsib.co.uk\/ih\/"},{"@type":"ListItem","position":2,"name":"Partneriaid"}]}]}},"_links":{"self":[{"href":"https:\/\/icccgsib.co.uk\/ih\/wp-json\/wp\/v2\/pages\/552","targetHints":{"allow":["GET"]}}],"collection":[{"href":"https:\/\/icccgsib.co.uk\/ih\/wp-json\/wp\/v2\/pages"}],"about":[{"href":"https:\/\/icccgsib.co.uk\/ih\/wp-json\/wp\/v2\/types\/page"}],"author":[{"embeddable":true,"href":"https:\/\/icccgsib.co.uk\/ih\/wp-json\/wp\/v2\/users\/123"}],"replies":[{"embeddable":true,"href":"https:\/\/icccgsib.co.uk\/ih\/wp-json\/wp\/v2\/comments?post=552"}],"version-history":[{"count":23,"href":"https:\/\/icccgsib.co.uk\/ih\/wp-json\/wp\/v2\/pages\/552\/revisions"}],"predecessor-version":[{"id":2811,"href":"https:\/\/icccgsib.co.uk\/ih\/wp-json\/wp\/v2\/pages\/552\/revisions\/2811"}],"wp:featuredmedia":[{"embeddable":true,"href":"https:\/\/icccgsib.co.uk\/ih\/wp-json\/wp\/v2\/media\/453"}],"wp:attachment":[{"href":"https:\/\/icccgsib.co.uk\/ih\/wp-json\/wp\/v2\/media?parent=552"}],"curies":[{"name":"wp","href":"https:\/\/api.w.org\/{rel}","templated":true}]}}